{"id":988639,"date":"2025-12-24T18:54:40","date_gmt":"2025-12-24T15:54:40","guid":{"rendered":"https:\/\/akcam.com\/?page_id=988639"},"modified":"2025-12-26T14:55:15","modified_gmt":"2025-12-26T11:55:15","slug":"glass-cubicle-systems","status":"publish","type":"page","link":"https:\/\/akcam.com\/en\/application\/glass-cubicle-systems\/","title":{"rendered":"Glass Cubicle Systems"},"content":{"rendered":"<div data-elementor-type=\"wp-page\" data-elementor-id=\"988639\" class=\"elementor elementor-988639\" data-elementor-post-type=\"page\">\n\t\t\t\t\t\t<section class=\"elementor-section elementor-top-section elementor-element elementor-element-ab077c1 elementor-section-boxed elementor-section-height-default elementor-section-height-default\" data-id=\"ab077c1\" data-element_type=\"section\">\n\t\t\t\t\t\t<div class=\"elementor-container elementor-column-gap-default\">\n\t\t\t\t\t<div class=\"elementor-column elementor-col-100 elementor-top-column elementor-element elementor-element-2b8ccb4\" data-id=\"2b8ccb4\" data-element_type=\"column\">\n\t\t\t<div class=\"elementor-widget-wrap elementor-element-populated\">\n\t\t\t\t\t\t<div class=\"elementor-element elementor-element-576297a elementor-widget elementor-widget-spacer\" data-id=\"576297a\" data-element_type=\"widget\" data-widget_type=\"spacer.default\">\n\t\t\t\t\t\t\t<div class=\"elementor-spacer\">\n\t\t\t<div class=\"elementor-spacer-inner\"><\/div>\n\t\t<\/div>\n\t\t\t\t\t\t<\/div>\n\t\t\t\t<div class=\"elementor-element elementor-element-5d4b2c4 animated-fast elementor-icon-list--layout-traditional elementor-list-item-link-full_width elementor-invisible elementor-widget elementor-widget-icon-list\" data-id=\"5d4b2c4\" data-element_type=\"widget\" data-settings=\"{&quot;_animation&quot;:&quot;fadeInDown&quot;,&quot;_animation_delay&quot;:400,&quot;_animation_tablet&quot;:&quot;none&quot;}\" data-widget_type=\"icon-list.default\">\n\t\t\t\t\t\t\t<ul class=\"elementor-icon-list-items\">\n\t\t\t\t\t\t\t<li class=\"elementor-icon-list-item\">\n\t\t\t\t\t\t\t\t\t\t\t<span class=\"elementor-icon-list-icon\">\n\t\t\t\t\t\t\t<i aria-hidden=\"true\" class=\"vamtamtheme- vamtam-theme-Line\"><\/i>\t\t\t\t\t\t<\/span>\n\t\t\t\t\t\t\t\t\t\t<span class=\"elementor-icon-list-text\">Glass Cubicle Systems<\/span>\n\t\t\t\t\t\t\t\t\t<\/li>\n\t\t\t\t\t\t<\/ul>\n\t\t\t\t\t\t<\/div>\n\t\t\t\t<div class=\"elementor-element elementor-element-60c2ced elementor-invisible elementor-widget elementor-widget-heading\" data-id=\"60c2ced\" data-element_type=\"widget\" data-settings=\"{&quot;_animation&quot;:&quot;fadeIn&quot;,&quot;_animation_tablet&quot;:&quot;none&quot;,&quot;_animation_delay&quot;:300}\" data-widget_type=\"heading.default\">\n\t\t\t\t\t<h1 class=\"elementor-heading-title elementor-size-default\">GLASS CUBICLE SYSTEMS: HYGIENIC AND PRESTIGIOUS SPACES<\/h1>\t\t\t\t<\/div>\n\t\t\t\t<div class=\"elementor-element elementor-element-38b6bd3 elementor-widget elementor-widget-spacer\" data-id=\"38b6bd3\" data-element_type=\"widget\" data-widget_type=\"spacer.default\">\n\t\t\t\t\t\t\t<div class=\"elementor-spacer\">\n\t\t\t<div class=\"elementor-spacer-inner\"><\/div>\n\t\t<\/div>\n\t\t\t\t\t\t<\/div>\n\t\t\t\t\t<\/div>\n\t\t<\/div>\n\t\t\t\t\t<\/div>\n\t\t<\/section>\n\t\t\t\t<section class=\"elementor-section elementor-top-section elementor-element elementor-element-36bdd71 elementor-section-boxed elementor-section-height-default elementor-section-height-default\" data-id=\"36bdd71\" data-element_type=\"section\">\n\t\t\t\t\t\t<div class=\"elementor-container elementor-column-gap-default\">\n\t\t\t\t\t<div class=\"elementor-column elementor-col-33 elementor-top-column elementor-element elementor-element-6961e7e\" data-id=\"6961e7e\" data-element_type=\"column\">\n\t\t\t<div class=\"elementor-widget-wrap elementor-element-populated\">\n\t\t\t\t\t\t<div class=\"elementor-element elementor-element-4bf8182 elementor-widget elementor-widget-text-editor\" data-id=\"4bf8182\" data-element_type=\"widget\" data-widget_type=\"text-editor.default\">\n\t\t\t\t\t\t\t\t\t<p data-path-to-node=\"6,0,0\">Aesthetic Functionality in Wet Areas<\/p>\t\t\t\t\t\t\t\t<\/div>\n\t\t\t\t\t<\/div>\n\t\t<\/div>\n\t\t\t\t<div class=\"elementor-column elementor-col-33 elementor-top-column elementor-element elementor-element-5c6edcf\" data-id=\"5c6edcf\" data-element_type=\"column\">\n\t\t\t<div class=\"elementor-widget-wrap elementor-element-populated\">\n\t\t\t\t\t\t<div class=\"elementor-element elementor-element-c58723a elementor-widget elementor-widget-text-editor\" data-id=\"c58723a\" data-element_type=\"widget\" data-widget_type=\"text-editor.default\">\n\t\t\t\t\t\t\t\t\t<p>Glass cubicle systems offer a much more hygienic, durable, and aesthetically pleasing alternative to traditional partitions in the wet areas of shopping malls, airports, gyms, and prestigious office buildings. At Akcam, we provide maximum resistance to impacts and heavy use with the high-quality tempered laminated glass we use in these systems.<\/p>\t\t\t\t\t\t\t\t<\/div>\n\t\t\t\t\t<\/div>\n\t\t<\/div>\n\t\t\t\t<div class=\"elementor-column elementor-col-33 elementor-top-column elementor-element elementor-element-81f52e3 elementor-hidden-mobile\" data-id=\"81f52e3\" data-element_type=\"column\">\n\t\t\t<div class=\"elementor-widget-wrap elementor-element-populated\">\n\t\t\t\t\t\t<div class=\"elementor-element elementor-element-4f1ed81 elementor-widget elementor-widget-text-editor\" data-id=\"4f1ed81\" data-element_type=\"widget\" data-widget_type=\"text-editor.default\">\n\t\t\t\t\t\t\t\t\t<p data-path-to-node=\"6,1,0\">The natural antibacterial properties of glass completely eliminate corrosion and mold problems that can occur in humid environments, while our designs combined with stainless steel hardware add a modern depth to spaces. With our wide range of color and texture options, we bring your corporate identity to bathroom spaces without compromising privacy.<\/p>\t\t\t\t\t\t\t\t<\/div>\n\t\t\t\t\t<\/div>\n\t\t<\/div>\n\t\t\t\t\t<\/div>\n\t\t<\/section>\n\t\t<div class=\"elementor-element elementor-element-0789519 e-flex e-con-boxed e-con e-parent\" data-id=\"0789519\" data-element_type=\"container\">\n\t\t\t\t\t<div class=\"e-con-inner\">\n\t\t\t\t<div class=\"elementor-element elementor-element-519d5f7 gallery-spacing-custom elementor-widget elementor-widget-image-gallery\" data-id=\"519d5f7\" data-element_type=\"widget\" data-widget_type=\"image-gallery.default\">\n\t\t\t\t\t\t\t<div class=\"elementor-image-gallery\">\n\t\t\t<div id='gallery-1' class='gallery galleryid-988639 gallery-columns-2 gallery-size-full'><figure class='gallery-item'>\n\t\t\t<div class='gallery-icon portrait'>\n\t\t\t\t<a data-elementor-open-lightbox=\"yes\" data-elementor-lightbox-slideshow=\"519d5f7\" data-elementor-lightbox-title=\"Akcam Cubicle Sistemleri 1\" data-e-action-hash=\"#elementor-action%3Aaction%3Dlightbox%26settings%3DeyJpZCI6OTg4Njk4LCJ1cmwiOiJodHRwczpcL1wvYWtjYW0uY29tXC93cC1jb250ZW50XC91cGxvYWRzXC8yMDI1XC8xMlwvQWtjYW0tQ3ViaWNsZS1TaXN0ZW1sZXJpLTEud2VicCIsInNsaWRlc2hvdyI6IjUxOWQ1ZjcifQ%3D%3D\" href='https:\/\/akcam.com\/wp-content\/uploads\/2025\/12\/Akcam-Cubicle-Sistemleri-1.webp'><img fetchpriority=\"high\" decoding=\"async\" width=\"1144\" height=\"1526\" src=\"https:\/\/akcam.com\/wp-content\/uploads\/2025\/12\/Akcam-Cubicle-Sistemleri-1.webp\" class=\"attachment-full size-full\" alt=\"\" srcset=\"https:\/\/akcam.com\/wp-content\/uploads\/2025\/12\/Akcam-Cubicle-Sistemleri-1.webp 1144w, https:\/\/akcam.com\/wp-content\/uploads\/2025\/12\/Akcam-Cubicle-Sistemleri-1-225x300.webp 225w, https:\/\/akcam.com\/wp-content\/uploads\/2025\/12\/Akcam-Cubicle-Sistemleri-1-768x1024.webp 768w\" sizes=\"(max-width: 1144px) 100vw, 1144px\" \/><\/a>\n\t\t\t<\/div><\/figure><figure class='gallery-item'>\n\t\t\t<div class='gallery-icon portrait'>\n\t\t\t\t<a data-elementor-open-lightbox=\"yes\" data-elementor-lightbox-slideshow=\"519d5f7\" data-elementor-lightbox-title=\"Akcam Cubicle Sistemleri 2\" data-e-action-hash=\"#elementor-action%3Aaction%3Dlightbox%26settings%3DeyJpZCI6OTg4Njk5LCJ1cmwiOiJodHRwczpcL1wvYWtjYW0uY29tXC93cC1jb250ZW50XC91cGxvYWRzXC8yMDI1XC8xMlwvQWtjYW0tQ3ViaWNsZS1TaXN0ZW1sZXJpLTIud2VicCIsInNsaWRlc2hvdyI6IjUxOWQ1ZjcifQ%3D%3D\" href='https:\/\/akcam.com\/wp-content\/uploads\/2025\/12\/Akcam-Cubicle-Sistemleri-2.webp'><img decoding=\"async\" width=\"1144\" height=\"1526\" src=\"https:\/\/akcam.com\/wp-content\/uploads\/2025\/12\/Akcam-Cubicle-Sistemleri-2.webp\" class=\"attachment-full size-full\" alt=\"\" srcset=\"https:\/\/akcam.com\/wp-content\/uploads\/2025\/12\/Akcam-Cubicle-Sistemleri-2.webp 1144w, https:\/\/akcam.com\/wp-content\/uploads\/2025\/12\/Akcam-Cubicle-Sistemleri-2-225x300.webp 225w, https:\/\/akcam.com\/wp-content\/uploads\/2025\/12\/Akcam-Cubicle-Sistemleri-2-768x1024.webp 768w\" sizes=\"(max-width: 1144px) 100vw, 1144px\" \/><\/a>\n\t\t\t<\/div><\/figure>\n\t\t<\/div>\n\t\t<\/div>\n\t\t\t\t\t\t<\/div>\n\t\t\t\t\t<\/div>\n\t\t\t\t<\/div>\n\t\t\t\t<section class=\"elementor-section elementor-top-section elementor-element elementor-element-c037304 elementor-section-height-min-height elementor-section-items-stretch elementor-section-boxed elementor-section-height-default\" data-id=\"c037304\" data-element_type=\"section\">\n\t\t\t\t\t\t<div class=\"elementor-container elementor-column-gap-no\">\n\t\t\t\t\t<div class=\"elementor-column elementor-col-50 elementor-top-column elementor-element elementor-element-f0a222f\" data-id=\"f0a222f\" data-element_type=\"column\" data-settings=\"{&quot;background_background&quot;:&quot;classic&quot;}\">\n\t\t\t<div class=\"elementor-widget-wrap elementor-element-populated\">\n\t\t\t\t\t\t<div class=\"elementor-element elementor-element-379eaa0 elementor-widget elementor-widget-spacer\" data-id=\"379eaa0\" data-element_type=\"widget\" data-widget_type=\"spacer.default\">\n\t\t\t\t\t\t\t<div class=\"elementor-spacer\">\n\t\t\t<div class=\"elementor-spacer-inner\"><\/div>\n\t\t<\/div>\n\t\t\t\t\t\t<\/div>\n\t\t\t\t\t<\/div>\n\t\t<\/div>\n\t\t\t\t<div class=\"elementor-column elementor-col-50 elementor-top-column elementor-element elementor-element-99b5deb\" data-id=\"99b5deb\" data-element_type=\"column\" data-settings=\"{&quot;background_background&quot;:&quot;classic&quot;}\">\n\t\t\t<div class=\"elementor-widget-wrap elementor-element-populated\">\n\t\t\t\t\t\t<div class=\"elementor-element elementor-element-1771ad7 elementor-icon-list--layout-traditional elementor-list-item-link-full_width elementor-widget elementor-widget-icon-list\" data-id=\"1771ad7\" data-element_type=\"widget\" data-widget_type=\"icon-list.default\">\n\t\t\t\t\t\t\t<ul class=\"elementor-icon-list-items\">\n\t\t\t\t\t\t\t<li class=\"elementor-icon-list-item\">\n\t\t\t\t\t\t\t\t\t\t\t<span class=\"elementor-icon-list-icon\">\n\t\t\t\t\t\t\t<i aria-hidden=\"true\" class=\"vamtamtheme- vamtam-theme-Line\"><\/i>\t\t\t\t\t\t<\/span>\n\t\t\t\t\t\t\t\t\t\t<span class=\"elementor-icon-list-text\">Let's take the next step together.<\/span>\n\t\t\t\t\t\t\t\t\t<\/li>\n\t\t\t\t\t\t<\/ul>\n\t\t\t\t\t\t<\/div>\n\t\t\t\t<div class=\"elementor-element elementor-element-91da503 elementor-widget elementor-widget-heading\" data-id=\"91da503\" data-element_type=\"widget\" data-widget_type=\"heading.default\">\n\t\t\t\t\t<h3 class=\"elementor-heading-title elementor-size-default\">Akcam Guarantee for Your Projects<\/h3>\t\t\t\t<\/div>\n\t\t\t\t<div class=\"elementor-element elementor-element-0ddb111 elementor-widget elementor-widget-text-editor\" data-id=\"0ddb111\" data-element_type=\"widget\" data-widget_type=\"text-editor.default\">\n\t\t\t\t\t\t\t\t\t<p>For the technical details, static calculations, and customized pricing you need, contact our expert team.<\/p>\t\t\t\t\t\t\t\t<\/div>\n\t\t\t\t<div class=\"vamtam-has-theme-widget-styles elementor-element elementor-element-a3afec7 vamtam-has-underline-anim elementor-widget elementor-widget-button\" data-id=\"a3afec7\" data-element_type=\"widget\" data-widget_type=\"button.default\">\n\t\t\t\t\t\t\t\t\t\t<a class=\"elementor-button elementor-button-link elementor-size-sm\" href=\"https:\/\/akcam.com\/en\/contact\/\">\n\t\t\t\t\t\t<span class=\"elementor-button-content-wrapper\">\n\t\t\t\t\t\t<span class=\"elementor-button-icon\">\n\t\t\t\t<i aria-hidden=\"true\" class=\"vamtamtheme- vamtam-theme-arrow-right\"><\/i>\t\t\t<\/span>\n\t\t\t\t\t\t\t\t\t<span class=\"elementor-button-text\">Contact Us<\/span>\n\t\t\t\t\t<\/span>\n\t\t\t\t\t<\/a>\n\t\t\t\t\t\t\t\t<\/div>\n\t\t\t\t\t<\/div>\n\t\t<\/div>\n\t\t\t\t\t<\/div>\n\t\t<\/section>\n\t\t\t\t<\/div>","protected":false},"excerpt":{"rendered":"<p>GLASS CUBICLE SYSTEMS: HYGIENIC AND PRESTIGIOUS SPACES<\/p>","protected":false},"author":1,"featured_media":988954,"parent":988627,"menu_order":0,"comment_status":"closed","ping_status":"closed","template":"elementor_header_footer","meta":{"footnotes":""},"class_list":["post-988639","page","type-page","status-publish","has-post-thumbnail","hentry"],"yoast_head":"<!-- This site is optimized with the Yoast SEO Premium plugin v26.6 (Yoast SEO v26.6) - https:\/\/yoast.com\/wordpress\/plugins\/seo\/ -->\n<title>Cam Cubicle Sistemleri - Akcam<\/title>\n<meta name=\"robots\" content=\"index, follow, max-snippet:-1, max-image-preview:large, max-video-preview:-1\" \/>\n<link rel=\"canonical\" href=\"https:\/\/akcam.com\/en\/application\/glass-cubicle-systems\/\" \/>\n<meta property=\"og:locale\" content=\"en_US\" \/>\n<meta property=\"og:type\" content=\"article\" \/>\n<meta property=\"og:title\" content=\"Cam Cubicle Sistemleri\" \/>\n<meta property=\"og:description\" content=\"CAM CUBICLE S\u0130STEMLER\u0130: H\u0130JYEN\u0130K VE PREST\u0130JL\u0130 ALANLAR\" \/>\n<meta property=\"og:url\" content=\"https:\/\/akcam.com\/en\/application\/glass-cubicle-systems\/\" \/>\n<meta property=\"og:site_name\" content=\"Akcam\" \/>\n<meta property=\"article:modified_time\" content=\"2025-12-26T11:55:15+00:00\" \/>\n<meta property=\"og:image\" content=\"https:\/\/akcam.com\/wp-content\/uploads\/2025\/12\/Akcam-Cubicle-Sistemleri-3.webp\" \/>\n\t<meta property=\"og:image:width\" content=\"1526\" \/>\n\t<meta property=\"og:image:height\" content=\"1144\" \/>\n\t<meta property=\"og:image:type\" content=\"image\/webp\" \/>\n<meta name=\"twitter:card\" content=\"summary_large_image\" \/>\n<meta name=\"twitter:label1\" content=\"Est. reading time\" \/>\n\t<meta name=\"twitter:data1\" content=\"2 minutes\" \/>\n<script type=\"application\/ld+json\" class=\"yoast-schema-graph\">{\"@context\":\"https:\/\/schema.org\",\"@graph\":[{\"@type\":\"WebPage\",\"@id\":\"https:\/\/akcam.com\/uygulamalar\/cam-cubicle-sistemleri\/\",\"url\":\"https:\/\/akcam.com\/uygulamalar\/cam-cubicle-sistemleri\/\",\"name\":\"Cam Cubicle Sistemleri - Akcam\",\"isPartOf\":{\"@id\":\"https:\/\/akcam.com\/#website\"},\"primaryImageOfPage\":{\"@id\":\"https:\/\/akcam.com\/uygulamalar\/cam-cubicle-sistemleri\/#primaryimage\"},\"image\":{\"@id\":\"https:\/\/akcam.com\/uygulamalar\/cam-cubicle-sistemleri\/#primaryimage\"},\"thumbnailUrl\":\"https:\/\/akcam.com\/wp-content\/uploads\/2025\/12\/Akcam-Cubicle-Sistemleri-3.webp\",\"datePublished\":\"2025-12-24T15:54:40+00:00\",\"dateModified\":\"2025-12-26T11:55:15+00:00\",\"breadcrumb\":{\"@id\":\"https:\/\/akcam.com\/uygulamalar\/cam-cubicle-sistemleri\/#breadcrumb\"},\"inLanguage\":\"en-US\",\"potentialAction\":[{\"@type\":\"ReadAction\",\"target\":[\"https:\/\/akcam.com\/uygulamalar\/cam-cubicle-sistemleri\/\"]}]},{\"@type\":\"ImageObject\",\"inLanguage\":\"en-US\",\"@id\":\"https:\/\/akcam.com\/uygulamalar\/cam-cubicle-sistemleri\/#primaryimage\",\"url\":\"https:\/\/akcam.com\/wp-content\/uploads\/2025\/12\/Akcam-Cubicle-Sistemleri-3.webp\",\"contentUrl\":\"https:\/\/akcam.com\/wp-content\/uploads\/2025\/12\/Akcam-Cubicle-Sistemleri-3.webp\",\"width\":1526,\"height\":1144},{\"@type\":\"BreadcrumbList\",\"@id\":\"https:\/\/akcam.com\/uygulamalar\/cam-cubicle-sistemleri\/#breadcrumb\",\"itemListElement\":[{\"@type\":\"ListItem\",\"position\":1,\"name\":\"Home\",\"item\":\"https:\/\/akcam.com\/\"},{\"@type\":\"ListItem\",\"position\":2,\"name\":\"Uygulamalar\",\"item\":\"https:\/\/akcam.com\/uygulamalar\/\"},{\"@type\":\"ListItem\",\"position\":3,\"name\":\"Cam Cubicle Sistemleri\"}]},{\"@type\":\"WebSite\",\"@id\":\"https:\/\/akcam.com\/#website\",\"url\":\"https:\/\/akcam.com\/\",\"name\":\"Akcam\",\"description\":\"Glass &amp; Metal Processes\",\"publisher\":{\"@id\":\"https:\/\/akcam.com\/#organization\"},\"potentialAction\":[{\"@type\":\"SearchAction\",\"target\":{\"@type\":\"EntryPoint\",\"urlTemplate\":\"https:\/\/akcam.com\/?s={search_term_string}\"},\"query-input\":{\"@type\":\"PropertyValueSpecification\",\"valueRequired\":true,\"valueName\":\"search_term_string\"}}],\"inLanguage\":\"en-US\"},{\"@type\":\"Organization\",\"@id\":\"https:\/\/akcam.com\/#organization\",\"name\":\"Akcam\",\"url\":\"https:\/\/akcam.com\/\",\"logo\":{\"@type\":\"ImageObject\",\"inLanguage\":\"en-US\",\"@id\":\"https:\/\/akcam.com\/#\/schema\/logo\/image\/\",\"url\":\"https:\/\/akcam.com\/wp-content\/uploads\/2025\/12\/cropped-akcam.png\",\"contentUrl\":\"https:\/\/akcam.com\/wp-content\/uploads\/2025\/12\/cropped-akcam.png\",\"width\":1000,\"height\":281,\"caption\":\"Akcam\"},\"image\":{\"@id\":\"https:\/\/akcam.com\/#\/schema\/logo\/image\/\"},\"sameAs\":[\"https:\/\/tr.linkedin.com\/company\/akcam-glass-metal-processes\"]}]}<\/script>\n<!-- \/ Yoast SEO Premium plugin. -->","yoast_head_json":{"title":"Cam Cubicle Sistemleri - Akcam","robots":{"index":"index","follow":"follow","max-snippet":"max-snippet:-1","max-image-preview":"max-image-preview:large","max-video-preview":"max-video-preview:-1"},"canonical":"https:\/\/akcam.com\/en\/application\/glass-cubicle-systems\/","og_locale":"en_US","og_type":"article","og_title":"Cam Cubicle Sistemleri","og_description":"CAM CUBICLE S\u0130STEMLER\u0130: H\u0130JYEN\u0130K VE PREST\u0130JL\u0130 ALANLAR","og_url":"https:\/\/akcam.com\/en\/application\/glass-cubicle-systems\/","og_site_name":"Akcam","article_modified_time":"2025-12-26T11:55:15+00:00","og_image":[{"width":1526,"height":1144,"url":"https:\/\/akcam.com\/wp-content\/uploads\/2025\/12\/Akcam-Cubicle-Sistemleri-3.webp","type":"image\/webp"}],"twitter_card":"summary_large_image","twitter_misc":{"Est. reading time":"2 minutes"},"schema":{"@context":"https:\/\/schema.org","@graph":[{"@type":"WebPage","@id":"https:\/\/akcam.com\/uygulamalar\/cam-cubicle-sistemleri\/","url":"https:\/\/akcam.com\/uygulamalar\/cam-cubicle-sistemleri\/","name":"Cam Cubicle Sistemleri - Akcam","isPartOf":{"@id":"https:\/\/akcam.com\/#website"},"primaryImageOfPage":{"@id":"https:\/\/akcam.com\/uygulamalar\/cam-cubicle-sistemleri\/#primaryimage"},"image":{"@id":"https:\/\/akcam.com\/uygulamalar\/cam-cubicle-sistemleri\/#primaryimage"},"thumbnailUrl":"https:\/\/akcam.com\/wp-content\/uploads\/2025\/12\/Akcam-Cubicle-Sistemleri-3.webp","datePublished":"2025-12-24T15:54:40+00:00","dateModified":"2025-12-26T11:55:15+00:00","breadcrumb":{"@id":"https:\/\/akcam.com\/uygulamalar\/cam-cubicle-sistemleri\/#breadcrumb"},"inLanguage":"en-US","potentialAction":[{"@type":"ReadAction","target":["https:\/\/akcam.com\/uygulamalar\/cam-cubicle-sistemleri\/"]}]},{"@type":"ImageObject","inLanguage":"en-US","@id":"https:\/\/akcam.com\/uygulamalar\/cam-cubicle-sistemleri\/#primaryimage","url":"https:\/\/akcam.com\/wp-content\/uploads\/2025\/12\/Akcam-Cubicle-Sistemleri-3.webp","contentUrl":"https:\/\/akcam.com\/wp-content\/uploads\/2025\/12\/Akcam-Cubicle-Sistemleri-3.webp","width":1526,"height":1144},{"@type":"BreadcrumbList","@id":"https:\/\/akcam.com\/uygulamalar\/cam-cubicle-sistemleri\/#breadcrumb","itemListElement":[{"@type":"ListItem","position":1,"name":"Home","item":"https:\/\/akcam.com\/"},{"@type":"ListItem","position":2,"name":"Uygulamalar","item":"https:\/\/akcam.com\/uygulamalar\/"},{"@type":"ListItem","position":3,"name":"Cam Cubicle Sistemleri"}]},{"@type":"WebSite","@id":"https:\/\/akcam.com\/#website","url":"https:\/\/akcam.com\/","name":"Akcam","description":"Glass &amp; Metal Processes","publisher":{"@id":"https:\/\/akcam.com\/#organization"},"potentialAction":[{"@type":"SearchAction","target":{"@type":"EntryPoint","urlTemplate":"https:\/\/akcam.com\/?s={search_term_string}"},"query-input":{"@type":"PropertyValueSpecification","valueRequired":true,"valueName":"search_term_string"}}],"inLanguage":"en-US"},{"@type":"Organization","@id":"https:\/\/akcam.com\/#organization","name":"Akcam","url":"https:\/\/akcam.com\/","logo":{"@type":"ImageObject","inLanguage":"en-US","@id":"https:\/\/akcam.com\/#\/schema\/logo\/image\/","url":"https:\/\/akcam.com\/wp-content\/uploads\/2025\/12\/cropped-akcam.png","contentUrl":"https:\/\/akcam.com\/wp-content\/uploads\/2025\/12\/cropped-akcam.png","width":1000,"height":281,"caption":"Akcam"},"image":{"@id":"https:\/\/akcam.com\/#\/schema\/logo\/image\/"},"sameAs":["https:\/\/tr.linkedin.com\/company\/akcam-glass-metal-processes"]}]}},"_links":{"self":[{"href":"https:\/\/akcam.com\/en\/wp-json\/wp\/v2\/pages\/988639","targetHints":{"allow":["GET"]}}],"collection":[{"href":"https:\/\/akcam.com\/en\/wp-json\/wp\/v2\/pages"}],"about":[{"href":"https:\/\/akcam.com\/en\/wp-json\/wp\/v2\/types\/page"}],"author":[{"embeddable":true,"href":"https:\/\/akcam.com\/en\/wp-json\/wp\/v2\/users\/1"}],"replies":[{"embeddable":true,"href":"https:\/\/akcam.com\/en\/wp-json\/wp\/v2\/comments?post=988639"}],"version-history":[{"count":7,"href":"https:\/\/akcam.com\/en\/wp-json\/wp\/v2\/pages\/988639\/revisions"}],"predecessor-version":[{"id":988702,"href":"https:\/\/akcam.com\/en\/wp-json\/wp\/v2\/pages\/988639\/revisions\/988702"}],"up":[{"embeddable":true,"href":"https:\/\/akcam.com\/en\/wp-json\/wp\/v2\/pages\/988627"}],"wp:featuredmedia":[{"embeddable":true,"href":"https:\/\/akcam.com\/en\/wp-json\/wp\/v2\/media\/988954"}],"wp:attachment":[{"href":"https:\/\/akcam.com\/en\/wp-json\/wp\/v2\/media?parent=988639"}],"curies":[{"name":"wp","href":"https:\/\/api.w.org\/{rel}","templated":true}]}}