{"id":581,"date":"2023-08-02T11:06:38","date_gmt":"2023-08-02T08:06:38","guid":{"rendered":"https:\/\/fabrik.vamtam.com\/?page_id=581"},"modified":"2025-12-26T18:05:57","modified_gmt":"2025-12-26T15:05:57","slug":"digital-printing","status":"publish","type":"page","link":"https:\/\/akcam.com\/en\/production\/digital-printing\/","title":{"rendered":"Digital Printing"},"content":{"rendered":"<div data-elementor-type=\"wp-page\" data-elementor-id=\"581\" class=\"elementor elementor-581\" data-elementor-post-type=\"page\">\n\t\t\t\t\t\t<section class=\"elementor-section elementor-top-section elementor-element elementor-element-5312b894 elementor-section-boxed elementor-section-height-default elementor-section-height-default\" data-id=\"5312b894\" data-element_type=\"section\">\n\t\t\t\t\t\t<div class=\"elementor-container elementor-column-gap-no\">\n\t\t\t\t\t<div class=\"elementor-column elementor-col-33 elementor-top-column elementor-element elementor-element-5d6618a6\" data-id=\"5d6618a6\" data-element_type=\"column\">\n\t\t\t<div class=\"elementor-widget-wrap elementor-element-populated\">\n\t\t\t\t\t\t<div class=\"elementor-element elementor-element-47c3b88f elementor-invisible elementor-widget elementor-widget-heading\" data-id=\"47c3b88f\" data-element_type=\"widget\" data-settings=\"{&quot;_animation&quot;:&quot;fadeIn&quot;,&quot;_animation_tablet&quot;:&quot;none&quot;,&quot;_animation_delay&quot;:200}\" data-widget_type=\"heading.default\">\n\t\t\t\t\t<h2 class=\"elementor-heading-title elementor-size-default\">Precise Pigment Control<\/h2>\t\t\t\t<\/div>\n\t\t\t\t\t<\/div>\n\t\t<\/div>\n\t\t\t\t<div class=\"elementor-column elementor-col-33 elementor-top-column elementor-element elementor-element-4d6e0ed4 elementor-hidden-mobile\" data-id=\"4d6e0ed4\" data-element_type=\"column\">\n\t\t\t<div class=\"elementor-widget-wrap elementor-element-populated\">\n\t\t\t\t\t\t<div class=\"elementor-element elementor-element-32d1e33b elementor-widget elementor-widget-spacer\" data-id=\"32d1e33b\" data-element_type=\"widget\" data-widget_type=\"spacer.default\">\n\t\t\t\t\t\t\t<div class=\"elementor-spacer\">\n\t\t\t<div class=\"elementor-spacer-inner\"><\/div>\n\t\t<\/div>\n\t\t\t\t\t\t<\/div>\n\t\t\t\t\t<\/div>\n\t\t<\/div>\n\t\t\t\t<div class=\"elementor-column elementor-col-33 elementor-top-column elementor-element elementor-element-59e1be3b elementor-hidden-mobile\" data-id=\"59e1be3b\" data-element_type=\"column\">\n\t\t\t<div class=\"elementor-widget-wrap elementor-element-populated\">\n\t\t\t\t\t\t<div class=\"elementor-element elementor-element-5141788c elementor-widget elementor-widget-spacer\" data-id=\"5141788c\" data-element_type=\"widget\" data-widget_type=\"spacer.default\">\n\t\t\t\t\t\t\t<div class=\"elementor-spacer\">\n\t\t\t<div class=\"elementor-spacer-inner\"><\/div>\n\t\t<\/div>\n\t\t\t\t\t\t<\/div>\n\t\t\t\t\t<\/div>\n\t\t<\/div>\n\t\t\t\t\t<\/div>\n\t\t<\/section>\n\t\t\t\t<section class=\"elementor-section elementor-top-section elementor-element elementor-element-44a503ac elementor-section-boxed elementor-section-height-default elementor-section-height-default\" data-id=\"44a503ac\" data-element_type=\"section\">\n\t\t\t\t\t\t<div class=\"elementor-container elementor-column-gap-no\">\n\t\t\t\t\t<div class=\"elementor-column elementor-col-50 elementor-top-column elementor-element elementor-element-10459034\" data-id=\"10459034\" data-element_type=\"column\" data-settings=\"{&quot;background_background&quot;:&quot;classic&quot;}\">\n\t\t\t<div class=\"elementor-widget-wrap elementor-element-populated\">\n\t\t\t\t\t\t<div class=\"elementor-element elementor-element-4ff38c48 elementor-widget elementor-widget-text-editor\" data-id=\"4ff38c48\" data-element_type=\"widget\" data-widget_type=\"text-editor.default\">\n\t\t\t\t\t\t\t\t\t<p class=\"translation-block\">Our digital printing machines can transfer millions of color tones onto glass using CMYK and custom color gamuts. The print heads operate with photo-quality resolution. This ensures that all visual demands are met, from logo applications on glass facades to complex artistic patterns in interior spaces.<br><br><strong>THICKNESSES;<\/strong> <br>4 \u2013 5 \u2013 6 \u2013 8 \u2013 10 \u2013 12 \u2013 15 \u2013 19 mm <br><strong>DIMENSIONS;<\/strong> <br>Maximum 2500 x 7000 mm<\/p>\t\t\t\t\t\t\t\t<\/div>\n\t\t\t\t\t<\/div>\n\t\t<\/div>\n\t\t\t\t<div class=\"elementor-column elementor-col-50 elementor-top-column elementor-element elementor-element-52c452e\" data-id=\"52c452e\" data-element_type=\"column\">\n\t\t\t<div class=\"elementor-widget-wrap elementor-element-populated\">\n\t\t\t\t\t\t<div class=\"elementor-element elementor-element-d2cb4fc elementor-widget elementor-widget-image\" data-id=\"d2cb4fc\" data-element_type=\"widget\" data-settings=\"{&quot;motion_fx_motion_fx_scrolling&quot;:&quot;yes&quot;,&quot;motion_fx_translateY_effect&quot;:&quot;yes&quot;,&quot;motion_fx_translateY_speed&quot;:{&quot;unit&quot;:&quot;px&quot;,&quot;size&quot;:1,&quot;sizes&quot;:[]},&quot;motion_fx_devices&quot;:[&quot;desktop&quot;],&quot;motion_fx_translateY_direction&quot;:&quot;negative&quot;,&quot;motion_fx_translateY_affectedRange&quot;:{&quot;unit&quot;:&quot;%&quot;,&quot;size&quot;:&quot;&quot;,&quot;sizes&quot;:{&quot;start&quot;:0,&quot;end&quot;:100}}}\" data-widget_type=\"image.default\">\n\t\t\t\t\t\t\t\t\t\t\t\t\t\t\t<img fetchpriority=\"high\" decoding=\"async\" width=\"1024\" height=\"575\" src=\"https:\/\/akcam.com\/wp-content\/uploads\/2025\/12\/dijitalbaski1-1024x575.webp\" class=\"attachment-large size-large wp-image-988204\" alt=\"\" srcset=\"https:\/\/akcam.com\/wp-content\/uploads\/2025\/12\/dijitalbaski1-1024x575.webp 1024w, https:\/\/akcam.com\/wp-content\/uploads\/2025\/12\/dijitalbaski1-300x169.webp 300w, https:\/\/akcam.com\/wp-content\/uploads\/2025\/12\/dijitalbaski1-768x432.webp 768w, https:\/\/akcam.com\/wp-content\/uploads\/2025\/12\/dijitalbaski1-1536x863.webp 1536w, https:\/\/akcam.com\/wp-content\/uploads\/2025\/12\/dijitalbaski1.webp 2036w\" sizes=\"(max-width: 1024px) 100vw, 1024px\" \/>\t\t\t\t\t\t\t\t\t\t\t\t\t\t\t<\/div>\n\t\t\t\t<div class=\"elementor-element elementor-element-d7a7e6a elementor-widget elementor-widget-image\" data-id=\"d7a7e6a\" data-element_type=\"widget\" data-settings=\"{&quot;motion_fx_motion_fx_scrolling&quot;:&quot;yes&quot;,&quot;motion_fx_translateY_effect&quot;:&quot;yes&quot;,&quot;motion_fx_translateY_speed&quot;:{&quot;unit&quot;:&quot;px&quot;,&quot;size&quot;:1,&quot;sizes&quot;:[]},&quot;motion_fx_devices&quot;:[&quot;desktop&quot;],&quot;motion_fx_translateY_direction&quot;:&quot;negative&quot;,&quot;motion_fx_translateY_affectedRange&quot;:{&quot;unit&quot;:&quot;%&quot;,&quot;size&quot;:&quot;&quot;,&quot;sizes&quot;:{&quot;start&quot;:0,&quot;end&quot;:100}}}\" data-widget_type=\"image.default\">\n\t\t\t\t\t\t\t\t\t\t\t\t\t\t\t<img decoding=\"async\" width=\"1024\" height=\"575\" src=\"https:\/\/akcam.com\/wp-content\/uploads\/2025\/12\/dijitalbaski2-1024x575.webp\" class=\"attachment-large size-large wp-image-988205\" alt=\"\" srcset=\"https:\/\/akcam.com\/wp-content\/uploads\/2025\/12\/dijitalbaski2-1024x575.webp 1024w, https:\/\/akcam.com\/wp-content\/uploads\/2025\/12\/dijitalbaski2-300x169.webp 300w, https:\/\/akcam.com\/wp-content\/uploads\/2025\/12\/dijitalbaski2-768x432.webp 768w, https:\/\/akcam.com\/wp-content\/uploads\/2025\/12\/dijitalbaski2-1536x863.webp 1536w, https:\/\/akcam.com\/wp-content\/uploads\/2025\/12\/dijitalbaski2.webp 2036w\" sizes=\"(max-width: 1024px) 100vw, 1024px\" \/>\t\t\t\t\t\t\t\t\t\t\t\t\t\t\t<\/div>\n\t\t\t\t\t<\/div>\n\t\t<\/div>\n\t\t\t\t\t<\/div>\n\t\t<\/section>\n\t\t\t\t<section class=\"elementor-section elementor-top-section elementor-element elementor-element-6cb18d7d elementor-section-content-top elementor-section-boxed elementor-section-height-default elementor-section-height-default\" data-id=\"6cb18d7d\" data-element_type=\"section\" data-settings=\"{&quot;background_background&quot;:&quot;classic&quot;}\">\n\t\t\t\t\t\t<div class=\"elementor-container elementor-column-gap-no\">\n\t\t\t\t\t<div class=\"elementor-column elementor-col-33 elementor-top-column elementor-element elementor-element-75cc1b81\" data-id=\"75cc1b81\" data-element_type=\"column\">\n\t\t\t<div class=\"elementor-widget-wrap elementor-element-populated\">\n\t\t\t\t\t\t<div class=\"elementor-element elementor-element-238265fe elementor-invisible elementor-widget elementor-widget-heading\" data-id=\"238265fe\" data-element_type=\"widget\" data-settings=\"{&quot;_animation&quot;:&quot;fadeIn&quot;,&quot;_animation_delay&quot;:200}\" data-widget_type=\"heading.default\">\n\t\t\t\t\t<h2 class=\"elementor-heading-title elementor-size-default\">Solar Control and Light Transmission<\/h2>\t\t\t\t<\/div>\n\t\t\t\t\t<\/div>\n\t\t<\/div>\n\t\t\t\t<div class=\"elementor-column elementor-col-66 elementor-top-column elementor-element elementor-element-18644744\" data-id=\"18644744\" data-element_type=\"column\">\n\t\t\t<div class=\"elementor-widget-wrap elementor-element-populated\">\n\t\t\t\t\t\t<div class=\"elementor-element elementor-element-3b9b1c0e elementor-widget elementor-widget-text-editor\" data-id=\"3b9b1c0e\" data-element_type=\"widget\" data-widget_type=\"text-editor.default\">\n\t\t\t\t\t\t\t\t\t<p>Digital printing is not only aesthetically pleasing but also functional. Light and solar energy transmittance (Solar Gain) of the glass can be precisely controlled through print density and pattern selection. This makes printed glass an ideal solution for providing shading on the facades of energy-efficient buildings.<\/p>\t\t\t\t\t\t\t\t<\/div>\n\t\t\t\t\t<\/div>\n\t\t<\/div>\n\t\t\t\t\t<\/div>\n\t\t<\/section>\n\t\t\t\t<section class=\"elementor-section elementor-top-section elementor-element elementor-element-7112bc86 elementor-section-height-min-height elementor-section-items-stretch elementor-section-boxed elementor-section-height-default\" data-id=\"7112bc86\" data-element_type=\"section\" data-settings=\"{&quot;background_background&quot;:&quot;gradient&quot;}\">\n\t\t\t\t\t\t<div class=\"elementor-container elementor-column-gap-no\">\n\t\t\t\t\t<div class=\"elementor-column elementor-col-100 elementor-top-column elementor-element elementor-element-2047b125\" data-id=\"2047b125\" data-element_type=\"column\" data-settings=\"{&quot;background_background&quot;:&quot;classic&quot;,&quot;background_motion_fx_scale_effect&quot;:&quot;yes&quot;,&quot;background_motion_fx_scale_speed&quot;:{&quot;unit&quot;:&quot;px&quot;,&quot;size&quot;:1,&quot;sizes&quot;:[]},&quot;background_motion_fx_devices&quot;:[&quot;desktop&quot;],&quot;background_motion_fx_motion_fx_scrolling&quot;:&quot;yes&quot;,&quot;background_motion_fx_scale_direction&quot;:&quot;out-in&quot;,&quot;background_motion_fx_scale_range&quot;:{&quot;unit&quot;:&quot;%&quot;,&quot;size&quot;:&quot;&quot;,&quot;sizes&quot;:{&quot;start&quot;:20,&quot;end&quot;:80}}}\">\n\t\t\t<div class=\"elementor-widget-wrap elementor-element-populated\">\n\t\t\t\t\t\t<div class=\"elementor-element elementor-element-6c013159 elementor-widget elementor-widget-spacer\" data-id=\"6c013159\" data-element_type=\"widget\" data-widget_type=\"spacer.default\">\n\t\t\t\t\t\t\t<div class=\"elementor-spacer\">\n\t\t\t<div class=\"elementor-spacer-inner\"><\/div>\n\t\t<\/div>\n\t\t\t\t\t\t<\/div>\n\t\t\t\t\t<\/div>\n\t\t<\/div>\n\t\t\t\t\t<\/div>\n\t\t<\/section>\n\t\t\t\t<section class=\"elementor-section elementor-top-section elementor-element elementor-element-3104e76b elementor-section-boxed elementor-section-height-default elementor-section-height-default\" data-id=\"3104e76b\" data-element_type=\"section\">\n\t\t\t\t\t\t<div class=\"elementor-container elementor-column-gap-no\">\n\t\t\t\t\t<div class=\"elementor-column elementor-col-33 elementor-top-column elementor-element elementor-element-795ff7d2\" data-id=\"795ff7d2\" data-element_type=\"column\">\n\t\t\t<div class=\"elementor-widget-wrap elementor-element-populated\">\n\t\t\t\t\t\t<div class=\"elementor-element elementor-element-325b27b5 elementor-widget elementor-widget-heading\" data-id=\"325b27b5\" data-element_type=\"widget\" data-widget_type=\"heading.default\">\n\t\t\t\t\t<h5 class=\"elementor-heading-title elementor-size-default\">UV and Scratch Resistance<\/h5>\t\t\t\t<\/div>\n\t\t\t\t<div class=\"elementor-element elementor-element-e1669fd elementor-widget elementor-widget-text-editor\" data-id=\"e1669fd\" data-element_type=\"widget\" data-widget_type=\"text-editor.default\">\n\t\t\t\t\t\t\t\t\t<p>Because ceramic paints fuse to the glass surface after tempering, they have much higher chemical and mechanical resistance than traditional paints. They remain fade-resistant for years in outdoor projects.<\/p>\t\t\t\t\t\t\t\t<\/div>\n\t\t\t\t\t<\/div>\n\t\t<\/div>\n\t\t\t\t<div class=\"elementor-column elementor-col-33 elementor-top-column elementor-element elementor-element-385faa6e\" data-id=\"385faa6e\" data-element_type=\"column\">\n\t\t\t<div class=\"elementor-widget-wrap elementor-element-populated\">\n\t\t\t\t\t\t<div class=\"elementor-element elementor-element-625995d7 elementor-view-default elementor-widget elementor-widget-icon\" data-id=\"625995d7\" data-element_type=\"widget\" data-settings=\"{&quot;motion_fx_motion_fx_scrolling&quot;:&quot;yes&quot;,&quot;motion_fx_translateY_effect&quot;:&quot;yes&quot;,&quot;motion_fx_translateY_speed&quot;:{&quot;unit&quot;:&quot;px&quot;,&quot;size&quot;:1,&quot;sizes&quot;:[]},&quot;motion_fx_devices&quot;:[&quot;desktop&quot;],&quot;motion_fx_translateY_affectedRange&quot;:{&quot;unit&quot;:&quot;%&quot;,&quot;size&quot;:&quot;&quot;,&quot;sizes&quot;:{&quot;start&quot;:0,&quot;end&quot;:100}}}\" data-widget_type=\"icon.default\">\n\t\t\t\t\t\t\t<div class=\"elementor-icon-wrapper\">\n\t\t\t<div class=\"elementor-icon\">\n\t\t\t<i aria-hidden=\"true\" class=\"vamtamtheme- vamtam-theme-steel-cubs\"><\/i>\t\t\t<\/div>\n\t\t<\/div>\n\t\t\t\t\t\t<\/div>\n\t\t\t\t<div class=\"elementor-element elementor-element-6bc76f70 elementor-widget elementor-widget-heading\" data-id=\"6bc76f70\" data-element_type=\"widget\" data-widget_type=\"heading.default\">\n\t\t\t\t\t<h5 class=\"elementor-heading-title elementor-size-default\">Unlimited Patterns and Colors<\/h5>\t\t\t\t<\/div>\n\t\t\t\t<div class=\"elementor-element elementor-element-1743245c elementor-widget elementor-widget-text-editor\" data-id=\"1743245c\" data-element_type=\"widget\" data-widget_type=\"text-editor.default\">\n\t\t\t\t\t\t\t\t\t<p>Different patterns can be applied to a single piece of glass without the need for any screen printing molds. This allows for personalized, unique, and varied visual designs.<\/p>\t\t\t\t\t\t\t\t<\/div>\n\t\t\t\t\t<\/div>\n\t\t<\/div>\n\t\t\t\t<div class=\"elementor-column elementor-col-33 elementor-top-column elementor-element elementor-element-76497a8b\" data-id=\"76497a8b\" data-element_type=\"column\">\n\t\t\t<div class=\"elementor-widget-wrap elementor-element-populated\">\n\t\t\t\t\t\t<div class=\"elementor-element elementor-element-2dcc6b29 elementor-widget elementor-widget-heading\" data-id=\"2dcc6b29\" data-element_type=\"widget\" data-widget_type=\"heading.default\">\n\t\t\t\t\t<h5 class=\"elementor-heading-title elementor-size-default\">Lead-free pigments<\/h5>\t\t\t\t<\/div>\n\t\t\t\t<div class=\"elementor-element elementor-element-4babf148 elementor-widget elementor-widget-text-editor\" data-id=\"4babf148\" data-element_type=\"widget\" data-widget_type=\"text-editor.default\">\n\t\t\t\t\t\t\t\t\t<p>At Akcam, we contribute to sustainability by choosing environmentally friendly and safe ceramic paints that do not contain heavy metals (lead, cadmium) in our printing pigments.<\/p>\t\t\t\t\t\t\t\t<\/div>\n\t\t\t\t\t<\/div>\n\t\t<\/div>\n\t\t\t\t\t<\/div>\n\t\t<\/section>\n\t\t\t\t<\/div>","protected":false},"excerpt":{"rendered":"<p>Digital printing is the process of transferring organic pigments onto a glass surface in high resolution using computer control. This process is carried out just before the glass enters the tempering furnace. When the glass is tempered after printing, the dyes permanently fuse to the surface of the glass. The result is high-resolution, fade-resistant artistic or functional designs that exhibit excellent resistance to abrasion, scratches, UV rays, and harsh outdoor conditions. This technology offers limitless design possibilities, from facade cladding to interior decoration.<\/p>","protected":false},"author":1,"featured_media":988801,"parent":138,"menu_order":0,"comment_status":"closed","ping_status":"closed","template":"","meta":{"footnotes":""},"class_list":["post-581","page","type-page","status-publish","has-post-thumbnail","hentry"],"yoast_head":"<!-- This site is optimized with the Yoast SEO Premium plugin v26.6 (Yoast SEO v26.6) - https:\/\/yoast.com\/wordpress\/plugins\/seo\/ -->\n<title>Dijital Bask\u0131 - Akcam<\/title>\n<meta name=\"robots\" content=\"index, follow, max-snippet:-1, max-image-preview:large, max-video-preview:-1\" \/>\n<link rel=\"canonical\" href=\"https:\/\/akcam.com\/en\/production\/digital-printing\/\" \/>\n<meta property=\"og:locale\" content=\"en_US\" \/>\n<meta property=\"og:type\" content=\"article\" \/>\n<meta property=\"og:title\" content=\"Dijital Bask\u0131\" \/>\n<meta property=\"og:description\" content=\"Dijital Bask\u0131, cam y\u00fczeyine organik pigmentlerin y\u00fcksek \u00e7\u00f6z\u00fcn\u00fcrl\u00fckte, bilgisayar kontroll\u00fc olarak aktar\u0131lmas\u0131 i\u015flemidir. Bu i\u015flem, cam\u0131n temperleme f\u0131r\u0131n\u0131na girmeden hemen \u00f6nce yap\u0131l\u0131r. Bask\u0131 sonras\u0131 cam temperlendi\u011finde, boyalar cam\u0131n y\u00fczeyine kal\u0131c\u0131 olarak kayna\u015f\u0131r. Sonu\u00e7; a\u015f\u0131nmaya, \u00e7izilmeye, UV \u0131\u015f\u0131nlar\u0131na ve zorlu d\u0131\u015f ortam ko\u015fullar\u0131na kar\u015f\u0131 m\u00fckemmel dayan\u0131m g\u00f6steren, solmayan, y\u00fcksek \u00e7\u00f6z\u00fcn\u00fcrl\u00fckl\u00fc sanatsal veya i\u015flevsel desenlerdir. Bu teknoloji, cephe kaplamalar\u0131ndan i\u00e7 mekan dekorasyonlar\u0131na kadar s\u0131n\u0131rs\u0131z tasar\u0131m olana\u011f\u0131 sunar.\" \/>\n<meta property=\"og:url\" content=\"https:\/\/akcam.com\/en\/production\/digital-printing\/\" \/>\n<meta property=\"og:site_name\" content=\"Akcam\" \/>\n<meta property=\"article:modified_time\" content=\"2025-12-26T15:05:57+00:00\" \/>\n<meta property=\"og:image\" content=\"https:\/\/akcam.com\/wp-content\/uploads\/2025\/12\/Akcam-Cam-Dijital-Baski.webp\" \/>\n\t<meta property=\"og:image:width\" content=\"1090\" \/>\n\t<meta property=\"og:image:height\" content=\"1330\" \/>\n\t<meta property=\"og:image:type\" content=\"image\/webp\" \/>\n<meta name=\"twitter:card\" content=\"summary_large_image\" \/>\n<meta name=\"twitter:label1\" content=\"Est. reading time\" \/>\n\t<meta name=\"twitter:data1\" content=\"1 minute\" \/>\n<script type=\"application\/ld+json\" class=\"yoast-schema-graph\">{\"@context\":\"https:\/\/schema.org\",\"@graph\":[{\"@type\":\"WebPage\",\"@id\":\"https:\/\/akcam.com\/uretim\/dijital-baski\/\",\"url\":\"https:\/\/akcam.com\/uretim\/dijital-baski\/\",\"name\":\"Dijital Bask\u0131 - Akcam\",\"isPartOf\":{\"@id\":\"https:\/\/akcam.com\/#website\"},\"primaryImageOfPage\":{\"@id\":\"https:\/\/akcam.com\/uretim\/dijital-baski\/#primaryimage\"},\"image\":{\"@id\":\"https:\/\/akcam.com\/uretim\/dijital-baski\/#primaryimage\"},\"thumbnailUrl\":\"https:\/\/akcam.com\/wp-content\/uploads\/2025\/12\/Akcam-Cam-Dijital-Baski.webp\",\"datePublished\":\"2023-08-02T08:06:38+00:00\",\"dateModified\":\"2025-12-26T15:05:57+00:00\",\"breadcrumb\":{\"@id\":\"https:\/\/akcam.com\/uretim\/dijital-baski\/#breadcrumb\"},\"inLanguage\":\"en-US\",\"potentialAction\":[{\"@type\":\"ReadAction\",\"target\":[\"https:\/\/akcam.com\/uretim\/dijital-baski\/\"]}]},{\"@type\":\"ImageObject\",\"inLanguage\":\"en-US\",\"@id\":\"https:\/\/akcam.com\/uretim\/dijital-baski\/#primaryimage\",\"url\":\"https:\/\/akcam.com\/wp-content\/uploads\/2025\/12\/Akcam-Cam-Dijital-Baski.webp\",\"contentUrl\":\"https:\/\/akcam.com\/wp-content\/uploads\/2025\/12\/Akcam-Cam-Dijital-Baski.webp\",\"width\":1090,\"height\":1330},{\"@type\":\"BreadcrumbList\",\"@id\":\"https:\/\/akcam.com\/uretim\/dijital-baski\/#breadcrumb\",\"itemListElement\":[{\"@type\":\"ListItem\",\"position\":1,\"name\":\"Home\",\"item\":\"https:\/\/akcam.com\/\"},{\"@type\":\"ListItem\",\"position\":2,\"name\":\"\u00dcretim\",\"item\":\"https:\/\/akcam.com\/uretim\/\"},{\"@type\":\"ListItem\",\"position\":3,\"name\":\"Dijital Bask\u0131\"}]},{\"@type\":\"WebSite\",\"@id\":\"https:\/\/akcam.com\/#website\",\"url\":\"https:\/\/akcam.com\/\",\"name\":\"Akcam\",\"description\":\"Glass &amp; Metal Processes\",\"publisher\":{\"@id\":\"https:\/\/akcam.com\/#organization\"},\"potentialAction\":[{\"@type\":\"SearchAction\",\"target\":{\"@type\":\"EntryPoint\",\"urlTemplate\":\"https:\/\/akcam.com\/?s={search_term_string}\"},\"query-input\":{\"@type\":\"PropertyValueSpecification\",\"valueRequired\":true,\"valueName\":\"search_term_string\"}}],\"inLanguage\":\"en-US\"},{\"@type\":\"Organization\",\"@id\":\"https:\/\/akcam.com\/#organization\",\"name\":\"Akcam\",\"url\":\"https:\/\/akcam.com\/\",\"logo\":{\"@type\":\"ImageObject\",\"inLanguage\":\"en-US\",\"@id\":\"https:\/\/akcam.com\/#\/schema\/logo\/image\/\",\"url\":\"https:\/\/akcam.com\/wp-content\/uploads\/2025\/12\/cropped-akcam.png\",\"contentUrl\":\"https:\/\/akcam.com\/wp-content\/uploads\/2025\/12\/cropped-akcam.png\",\"width\":1000,\"height\":281,\"caption\":\"Akcam\"},\"image\":{\"@id\":\"https:\/\/akcam.com\/#\/schema\/logo\/image\/\"},\"sameAs\":[\"https:\/\/tr.linkedin.com\/company\/akcam-glass-metal-processes\"]}]}<\/script>\n<!-- \/ Yoast SEO Premium plugin. -->","yoast_head_json":{"title":"Dijital Bask\u0131 - Akcam","robots":{"index":"index","follow":"follow","max-snippet":"max-snippet:-1","max-image-preview":"max-image-preview:large","max-video-preview":"max-video-preview:-1"},"canonical":"https:\/\/akcam.com\/en\/production\/digital-printing\/","og_locale":"en_US","og_type":"article","og_title":"Dijital Bask\u0131","og_description":"Dijital Bask\u0131, cam y\u00fczeyine organik pigmentlerin y\u00fcksek \u00e7\u00f6z\u00fcn\u00fcrl\u00fckte, bilgisayar kontroll\u00fc olarak aktar\u0131lmas\u0131 i\u015flemidir. Bu i\u015flem, cam\u0131n temperleme f\u0131r\u0131n\u0131na girmeden hemen \u00f6nce yap\u0131l\u0131r. Bask\u0131 sonras\u0131 cam temperlendi\u011finde, boyalar cam\u0131n y\u00fczeyine kal\u0131c\u0131 olarak kayna\u015f\u0131r. Sonu\u00e7; a\u015f\u0131nmaya, \u00e7izilmeye, UV \u0131\u015f\u0131nlar\u0131na ve zorlu d\u0131\u015f ortam ko\u015fullar\u0131na kar\u015f\u0131 m\u00fckemmel dayan\u0131m g\u00f6steren, solmayan, y\u00fcksek \u00e7\u00f6z\u00fcn\u00fcrl\u00fckl\u00fc sanatsal veya i\u015flevsel desenlerdir. Bu teknoloji, cephe kaplamalar\u0131ndan i\u00e7 mekan dekorasyonlar\u0131na kadar s\u0131n\u0131rs\u0131z tasar\u0131m olana\u011f\u0131 sunar.","og_url":"https:\/\/akcam.com\/en\/production\/digital-printing\/","og_site_name":"Akcam","article_modified_time":"2025-12-26T15:05:57+00:00","og_image":[{"width":1090,"height":1330,"url":"https:\/\/akcam.com\/wp-content\/uploads\/2025\/12\/Akcam-Cam-Dijital-Baski.webp","type":"image\/webp"}],"twitter_card":"summary_large_image","twitter_misc":{"Est. reading time":"1 minute"},"schema":{"@context":"https:\/\/schema.org","@graph":[{"@type":"WebPage","@id":"https:\/\/akcam.com\/uretim\/dijital-baski\/","url":"https:\/\/akcam.com\/uretim\/dijital-baski\/","name":"Dijital Bask\u0131 - Akcam","isPartOf":{"@id":"https:\/\/akcam.com\/#website"},"primaryImageOfPage":{"@id":"https:\/\/akcam.com\/uretim\/dijital-baski\/#primaryimage"},"image":{"@id":"https:\/\/akcam.com\/uretim\/dijital-baski\/#primaryimage"},"thumbnailUrl":"https:\/\/akcam.com\/wp-content\/uploads\/2025\/12\/Akcam-Cam-Dijital-Baski.webp","datePublished":"2023-08-02T08:06:38+00:00","dateModified":"2025-12-26T15:05:57+00:00","breadcrumb":{"@id":"https:\/\/akcam.com\/uretim\/dijital-baski\/#breadcrumb"},"inLanguage":"en-US","potentialAction":[{"@type":"ReadAction","target":["https:\/\/akcam.com\/uretim\/dijital-baski\/"]}]},{"@type":"ImageObject","inLanguage":"en-US","@id":"https:\/\/akcam.com\/uretim\/dijital-baski\/#primaryimage","url":"https:\/\/akcam.com\/wp-content\/uploads\/2025\/12\/Akcam-Cam-Dijital-Baski.webp","contentUrl":"https:\/\/akcam.com\/wp-content\/uploads\/2025\/12\/Akcam-Cam-Dijital-Baski.webp","width":1090,"height":1330},{"@type":"BreadcrumbList","@id":"https:\/\/akcam.com\/uretim\/dijital-baski\/#breadcrumb","itemListElement":[{"@type":"ListItem","position":1,"name":"Home","item":"https:\/\/akcam.com\/"},{"@type":"ListItem","position":2,"name":"\u00dcretim","item":"https:\/\/akcam.com\/uretim\/"},{"@type":"ListItem","position":3,"name":"Dijital Bask\u0131"}]},{"@type":"WebSite","@id":"https:\/\/akcam.com\/#website","url":"https:\/\/akcam.com\/","name":"Akcam","description":"Glass &amp; Metal Processes","publisher":{"@id":"https:\/\/akcam.com\/#organization"},"potentialAction":[{"@type":"SearchAction","target":{"@type":"EntryPoint","urlTemplate":"https:\/\/akcam.com\/?s={search_term_string}"},"query-input":{"@type":"PropertyValueSpecification","valueRequired":true,"valueName":"search_term_string"}}],"inLanguage":"en-US"},{"@type":"Organization","@id":"https:\/\/akcam.com\/#organization","name":"Akcam","url":"https:\/\/akcam.com\/","logo":{"@type":"ImageObject","inLanguage":"en-US","@id":"https:\/\/akcam.com\/#\/schema\/logo\/image\/","url":"https:\/\/akcam.com\/wp-content\/uploads\/2025\/12\/cropped-akcam.png","contentUrl":"https:\/\/akcam.com\/wp-content\/uploads\/2025\/12\/cropped-akcam.png","width":1000,"height":281,"caption":"Akcam"},"image":{"@id":"https:\/\/akcam.com\/#\/schema\/logo\/image\/"},"sameAs":["https:\/\/tr.linkedin.com\/company\/akcam-glass-metal-processes"]}]}},"_links":{"self":[{"href":"https:\/\/akcam.com\/en\/wp-json\/wp\/v2\/pages\/581","targetHints":{"allow":["GET"]}}],"collection":[{"href":"https:\/\/akcam.com\/en\/wp-json\/wp\/v2\/pages"}],"about":[{"href":"https:\/\/akcam.com\/en\/wp-json\/wp\/v2\/types\/page"}],"author":[{"embeddable":true,"href":"https:\/\/akcam.com\/en\/wp-json\/wp\/v2\/users\/1"}],"replies":[{"embeddable":true,"href":"https:\/\/akcam.com\/en\/wp-json\/wp\/v2\/comments?post=581"}],"version-history":[{"count":11,"href":"https:\/\/akcam.com\/en\/wp-json\/wp\/v2\/pages\/581\/revisions"}],"predecessor-version":[{"id":988209,"href":"https:\/\/akcam.com\/en\/wp-json\/wp\/v2\/pages\/581\/revisions\/988209"}],"up":[{"embeddable":true,"href":"https:\/\/akcam.com\/en\/wp-json\/wp\/v2\/pages\/138"}],"wp:featuredmedia":[{"embeddable":true,"href":"https:\/\/akcam.com\/en\/wp-json\/wp\/v2\/media\/988801"}],"wp:attachment":[{"href":"https:\/\/akcam.com\/en\/wp-json\/wp\/v2\/media?parent=581"}],"curies":[{"name":"wp","href":"https:\/\/api.w.org\/{rel}","templated":true}]}}