{"id":577,"date":"2023-08-02T11:00:00","date_gmt":"2023-08-02T08:00:00","guid":{"rendered":"https:\/\/fabrik.vamtam.com\/?page_id=577"},"modified":"2025-12-26T18:04:48","modified_gmt":"2025-12-26T15:04:48","slug":"kesim","status":"publish","type":"page","link":"https:\/\/akcam.com\/en\/production\/kesim\/","title":{"rendered":"Cutting"},"content":{"rendered":"<div data-elementor-type=\"wp-page\" data-elementor-id=\"577\" class=\"elementor elementor-577\" data-elementor-post-type=\"page\">\n\t\t\t\t\t\t<section class=\"elementor-section elementor-top-section elementor-element elementor-element-2285f73e elementor-section-boxed elementor-section-height-default elementor-section-height-default\" data-id=\"2285f73e\" data-element_type=\"section\">\n\t\t\t\t\t\t<div class=\"elementor-container elementor-column-gap-no\">\n\t\t\t\t\t<div class=\"elementor-column elementor-col-33 elementor-top-column elementor-element elementor-element-41248a5b\" data-id=\"41248a5b\" data-element_type=\"column\">\n\t\t\t<div class=\"elementor-widget-wrap elementor-element-populated\">\n\t\t\t\t\t\t<div class=\"elementor-element elementor-element-56a7873e elementor-invisible elementor-widget elementor-widget-heading\" data-id=\"56a7873e\" data-element_type=\"widget\" data-settings=\"{&quot;_animation&quot;:&quot;fadeIn&quot;,&quot;_animation_tablet&quot;:&quot;none&quot;,&quot;_animation_delay&quot;:200}\" data-widget_type=\"heading.default\">\n\t\t\t\t\t<h2 class=\"elementor-heading-title elementor-size-default\">Zero Defects and Automation<\/h2>\t\t\t\t<\/div>\n\t\t\t\t\t<\/div>\n\t\t<\/div>\n\t\t\t\t<div class=\"elementor-column elementor-col-33 elementor-top-column elementor-element elementor-element-7afb924c elementor-hidden-mobile\" data-id=\"7afb924c\" data-element_type=\"column\">\n\t\t\t<div class=\"elementor-widget-wrap elementor-element-populated\">\n\t\t\t\t\t\t<div class=\"elementor-element elementor-element-39832f6b elementor-widget elementor-widget-spacer\" data-id=\"39832f6b\" data-element_type=\"widget\" data-widget_type=\"spacer.default\">\n\t\t\t\t\t\t\t<div class=\"elementor-spacer\">\n\t\t\t<div class=\"elementor-spacer-inner\"><\/div>\n\t\t<\/div>\n\t\t\t\t\t\t<\/div>\n\t\t\t\t\t<\/div>\n\t\t<\/div>\n\t\t\t\t<div class=\"elementor-column elementor-col-33 elementor-top-column elementor-element elementor-element-7c9d35c7 elementor-hidden-mobile\" data-id=\"7c9d35c7\" data-element_type=\"column\">\n\t\t\t<div class=\"elementor-widget-wrap elementor-element-populated\">\n\t\t\t\t\t\t<div class=\"elementor-element elementor-element-23f9669c elementor-widget elementor-widget-spacer\" data-id=\"23f9669c\" data-element_type=\"widget\" data-widget_type=\"spacer.default\">\n\t\t\t\t\t\t\t<div class=\"elementor-spacer\">\n\t\t\t<div class=\"elementor-spacer-inner\"><\/div>\n\t\t<\/div>\n\t\t\t\t\t\t<\/div>\n\t\t\t\t\t<\/div>\n\t\t<\/div>\n\t\t\t\t\t<\/div>\n\t\t<\/section>\n\t\t\t\t<section class=\"elementor-section elementor-top-section elementor-element elementor-element-680cc337 elementor-section-boxed elementor-section-height-default elementor-section-height-default\" data-id=\"680cc337\" data-element_type=\"section\">\n\t\t\t\t\t\t<div class=\"elementor-container elementor-column-gap-no\">\n\t\t\t\t\t<div class=\"elementor-column elementor-col-50 elementor-top-column elementor-element elementor-element-7fc24b90\" data-id=\"7fc24b90\" data-element_type=\"column\" data-settings=\"{&quot;background_background&quot;:&quot;classic&quot;}\">\n\t\t\t<div class=\"elementor-widget-wrap elementor-element-populated\">\n\t\t\t\t\t\t<div class=\"elementor-element elementor-element-2a1a6e59 elementor-widget elementor-widget-text-editor\" data-id=\"2a1a6e59\" data-element_type=\"widget\" data-widget_type=\"text-editor.default\">\n\t\t\t\t\t\t\t\t\t<p>Our high-speed bridge cutting machines process even large-sized glass panels with zero deviation. All operations are managed by a computerized control system (CNC), thus eliminating human error and maximizing repeatability.<\/p>\t\t\t\t\t\t\t\t<\/div>\n\t\t\t\t\t<\/div>\n\t\t<\/div>\n\t\t\t\t<div class=\"elementor-column elementor-col-50 elementor-top-column elementor-element elementor-element-67026df\" data-id=\"67026df\" data-element_type=\"column\">\n\t\t\t<div class=\"elementor-widget-wrap elementor-element-populated\">\n\t\t\t\t\t\t<div class=\"elementor-element elementor-element-0c8deee elementor-widget elementor-widget-image\" data-id=\"0c8deee\" data-element_type=\"widget\" data-settings=\"{&quot;motion_fx_motion_fx_scrolling&quot;:&quot;yes&quot;,&quot;motion_fx_translateY_effect&quot;:&quot;yes&quot;,&quot;motion_fx_translateY_speed&quot;:{&quot;unit&quot;:&quot;px&quot;,&quot;size&quot;:1,&quot;sizes&quot;:[]},&quot;motion_fx_devices&quot;:[&quot;desktop&quot;],&quot;motion_fx_translateY_direction&quot;:&quot;negative&quot;,&quot;motion_fx_translateY_affectedRange&quot;:{&quot;unit&quot;:&quot;%&quot;,&quot;size&quot;:&quot;&quot;,&quot;sizes&quot;:{&quot;start&quot;:0,&quot;end&quot;:100}}}\" data-widget_type=\"image.default\">\n\t\t\t\t\t\t\t\t\t\t\t\t\t\t\t<img fetchpriority=\"high\" decoding=\"async\" width=\"1024\" height=\"575\" src=\"https:\/\/akcam.com\/wp-content\/uploads\/2025\/12\/kesim1-1024x575.webp\" class=\"attachment-large size-large wp-image-988137\" alt=\"\" srcset=\"https:\/\/akcam.com\/wp-content\/uploads\/2025\/12\/kesim1-1024x575.webp 1024w, https:\/\/akcam.com\/wp-content\/uploads\/2025\/12\/kesim1-300x169.webp 300w, https:\/\/akcam.com\/wp-content\/uploads\/2025\/12\/kesim1-768x432.webp 768w, https:\/\/akcam.com\/wp-content\/uploads\/2025\/12\/kesim1-1536x863.webp 1536w, https:\/\/akcam.com\/wp-content\/uploads\/2025\/12\/kesim1.webp 2036w\" sizes=\"(max-width: 1024px) 100vw, 1024px\" \/>\t\t\t\t\t\t\t\t\t\t\t\t\t\t\t<\/div>\n\t\t\t\t<div class=\"elementor-element elementor-element-b56c19b elementor-widget elementor-widget-image\" data-id=\"b56c19b\" data-element_type=\"widget\" data-settings=\"{&quot;motion_fx_motion_fx_scrolling&quot;:&quot;yes&quot;,&quot;motion_fx_translateY_effect&quot;:&quot;yes&quot;,&quot;motion_fx_translateY_speed&quot;:{&quot;unit&quot;:&quot;px&quot;,&quot;size&quot;:1,&quot;sizes&quot;:[]},&quot;motion_fx_devices&quot;:[&quot;desktop&quot;],&quot;motion_fx_translateY_direction&quot;:&quot;negative&quot;,&quot;motion_fx_translateY_affectedRange&quot;:{&quot;unit&quot;:&quot;%&quot;,&quot;size&quot;:&quot;&quot;,&quot;sizes&quot;:{&quot;start&quot;:0,&quot;end&quot;:100}}}\" data-widget_type=\"image.default\">\n\t\t\t\t\t\t\t\t\t\t\t\t\t\t\t<img decoding=\"async\" width=\"1024\" height=\"575\" src=\"https:\/\/akcam.com\/wp-content\/uploads\/2025\/12\/kesim3-1024x575.webp\" class=\"attachment-large size-large wp-image-988138\" alt=\"\" srcset=\"https:\/\/akcam.com\/wp-content\/uploads\/2025\/12\/kesim3-1024x575.webp 1024w, https:\/\/akcam.com\/wp-content\/uploads\/2025\/12\/kesim3-300x169.webp 300w, https:\/\/akcam.com\/wp-content\/uploads\/2025\/12\/kesim3-768x432.webp 768w, https:\/\/akcam.com\/wp-content\/uploads\/2025\/12\/kesim3-1536x863.webp 1536w, https:\/\/akcam.com\/wp-content\/uploads\/2025\/12\/kesim3.webp 2036w\" sizes=\"(max-width: 1024px) 100vw, 1024px\" \/>\t\t\t\t\t\t\t\t\t\t\t\t\t\t\t<\/div>\n\t\t\t\t\t<\/div>\n\t\t<\/div>\n\t\t\t\t\t<\/div>\n\t\t<\/section>\n\t\t\t\t<section class=\"elementor-section elementor-top-section elementor-element elementor-element-7f7bf7c8 elementor-section-content-top elementor-section-boxed elementor-section-height-default elementor-section-height-default\" data-id=\"7f7bf7c8\" data-element_type=\"section\" data-settings=\"{&quot;background_background&quot;:&quot;classic&quot;}\">\n\t\t\t\t\t\t<div class=\"elementor-container elementor-column-gap-no\">\n\t\t\t\t\t<div class=\"elementor-column elementor-col-33 elementor-top-column elementor-element elementor-element-1a018a9b\" data-id=\"1a018a9b\" data-element_type=\"column\">\n\t\t\t<div class=\"elementor-widget-wrap elementor-element-populated\">\n\t\t\t\t\t\t<div class=\"elementor-element elementor-element-1f038d1b elementor-invisible elementor-widget elementor-widget-heading\" data-id=\"1f038d1b\" data-element_type=\"widget\" data-settings=\"{&quot;_animation&quot;:&quot;fadeIn&quot;,&quot;_animation_delay&quot;:200}\" data-widget_type=\"heading.default\">\n\t\t\t\t\t<h2 class=\"elementor-heading-title elementor-size-default\">Intelligent Optimization Software<\/h2>\t\t\t\t<\/div>\n\t\t\t\t\t<\/div>\n\t\t<\/div>\n\t\t\t\t<div class=\"elementor-column elementor-col-66 elementor-top-column elementor-element elementor-element-c0d2e60\" data-id=\"c0d2e60\" data-element_type=\"column\">\n\t\t\t<div class=\"elementor-widget-wrap elementor-element-populated\">\n\t\t\t\t\t\t<div class=\"elementor-element elementor-element-21928a64 elementor-widget elementor-widget-text-editor\" data-id=\"21928a64\" data-element_type=\"widget\" data-widget_type=\"text-editor.default\">\n\t\t\t\t\t\t\t\t\t<p>We minimize material waste (scrap), which is the biggest cost item in the cutting phase. By using advanced optimization software (nesting), we ensure that orders are placed on the glass sheet in the most efficient way, thus achieving both cost-effective and environmentally friendly production.<\/p>\t\t\t\t\t\t\t\t<\/div>\n\t\t\t\t\t<\/div>\n\t\t<\/div>\n\t\t\t\t\t<\/div>\n\t\t<\/section>\n\t\t\t\t<section class=\"elementor-section elementor-top-section elementor-element elementor-element-3984c47c elementor-section-height-min-height elementor-section-items-stretch elementor-section-boxed elementor-section-height-default\" data-id=\"3984c47c\" data-element_type=\"section\" data-settings=\"{&quot;background_background&quot;:&quot;gradient&quot;}\">\n\t\t\t\t\t\t<div class=\"elementor-container elementor-column-gap-no\">\n\t\t\t\t\t<div class=\"elementor-column elementor-col-100 elementor-top-column elementor-element elementor-element-ad1a239\" data-id=\"ad1a239\" data-element_type=\"column\" data-settings=\"{&quot;background_background&quot;:&quot;classic&quot;,&quot;background_motion_fx_scale_effect&quot;:&quot;yes&quot;,&quot;background_motion_fx_scale_speed&quot;:{&quot;unit&quot;:&quot;px&quot;,&quot;size&quot;:1,&quot;sizes&quot;:[]},&quot;background_motion_fx_devices&quot;:[&quot;desktop&quot;],&quot;background_motion_fx_motion_fx_scrolling&quot;:&quot;yes&quot;,&quot;background_motion_fx_scale_direction&quot;:&quot;out-in&quot;,&quot;background_motion_fx_scale_range&quot;:{&quot;unit&quot;:&quot;%&quot;,&quot;size&quot;:&quot;&quot;,&quot;sizes&quot;:{&quot;start&quot;:20,&quot;end&quot;:80}}}\">\n\t\t\t<div class=\"elementor-widget-wrap elementor-element-populated\">\n\t\t\t\t\t\t<div class=\"elementor-element elementor-element-7c9bd8e5 elementor-widget elementor-widget-spacer\" data-id=\"7c9bd8e5\" data-element_type=\"widget\" data-widget_type=\"spacer.default\">\n\t\t\t\t\t\t\t<div class=\"elementor-spacer\">\n\t\t\t<div class=\"elementor-spacer-inner\"><\/div>\n\t\t<\/div>\n\t\t\t\t\t\t<\/div>\n\t\t\t\t\t<\/div>\n\t\t<\/div>\n\t\t\t\t\t<\/div>\n\t\t<\/section>\n\t\t\t\t<section class=\"elementor-section elementor-top-section elementor-element elementor-element-439433df elementor-section-boxed elementor-section-height-default elementor-section-height-default\" data-id=\"439433df\" data-element_type=\"section\">\n\t\t\t\t\t\t<div class=\"elementor-container elementor-column-gap-no\">\n\t\t\t\t\t<div class=\"elementor-column elementor-col-33 elementor-top-column elementor-element elementor-element-3590489e\" data-id=\"3590489e\" data-element_type=\"column\">\n\t\t\t<div class=\"elementor-widget-wrap elementor-element-populated\">\n\t\t\t\t\t\t<div class=\"elementor-element elementor-element-15189d37 elementor-widget elementor-widget-heading\" data-id=\"15189d37\" data-element_type=\"widget\" data-widget_type=\"heading.default\">\n\t\t\t\t\t<h5 class=\"elementor-heading-title elementor-size-default\">Guaranteed Sizing<\/h5>\t\t\t\t<\/div>\n\t\t\t\t<div class=\"elementor-element elementor-element-27870178 elementor-widget elementor-widget-text-editor\" data-id=\"27870178\" data-element_type=\"widget\" data-widget_type=\"text-editor.default\">\n\t\t\t\t\t\t\t\t\t<p>We work with tolerances on the order of one-tenth of a millimeter in the sizing of glass. This absolute precision eliminates compatibility problems, especially in assembly and other processing stages.<\/p>\t\t\t\t\t\t\t\t<\/div>\n\t\t\t\t\t<\/div>\n\t\t<\/div>\n\t\t\t\t<div class=\"elementor-column elementor-col-33 elementor-top-column elementor-element elementor-element-5cd47aa5\" data-id=\"5cd47aa5\" data-element_type=\"column\">\n\t\t\t<div class=\"elementor-widget-wrap elementor-element-populated\">\n\t\t\t\t\t\t<div class=\"elementor-element elementor-element-386472ee elementor-view-default elementor-widget elementor-widget-icon\" data-id=\"386472ee\" data-element_type=\"widget\" data-settings=\"{&quot;motion_fx_motion_fx_scrolling&quot;:&quot;yes&quot;,&quot;motion_fx_translateY_effect&quot;:&quot;yes&quot;,&quot;motion_fx_translateY_speed&quot;:{&quot;unit&quot;:&quot;px&quot;,&quot;size&quot;:1,&quot;sizes&quot;:[]},&quot;motion_fx_devices&quot;:[&quot;desktop&quot;],&quot;motion_fx_translateY_affectedRange&quot;:{&quot;unit&quot;:&quot;%&quot;,&quot;size&quot;:&quot;&quot;,&quot;sizes&quot;:{&quot;start&quot;:0,&quot;end&quot;:100}}}\" data-widget_type=\"icon.default\">\n\t\t\t\t\t\t\t<div class=\"elementor-icon-wrapper\">\n\t\t\t<div class=\"elementor-icon\">\n\t\t\t<i aria-hidden=\"true\" class=\"vamtamtheme- vamtam-theme-steel-cubs\"><\/i>\t\t\t<\/div>\n\t\t<\/div>\n\t\t\t\t\t\t<\/div>\n\t\t\t\t<div class=\"elementor-element elementor-element-6b97a3f2 elementor-widget elementor-widget-heading\" data-id=\"6b97a3f2\" data-element_type=\"widget\" data-widget_type=\"heading.default\">\n\t\t\t\t\t<h5 class=\"elementor-heading-title elementor-size-default\">Complex Geometries<\/h5>\t\t\t\t<\/div>\n\t\t\t\t<div class=\"elementor-element elementor-element-4b9e75c3 elementor-widget elementor-widget-text-editor\" data-id=\"4b9e75c3\" data-element_type=\"widget\" data-widget_type=\"text-editor.default\">\n\t\t\t\t\t\t\t\t\t<p>Beyond standard square and rectangular cuts, we can easily execute circular, elliptical, angled, and challenging freeform cuts in architectural drawings.<\/p>\t\t\t\t\t\t\t\t<\/div>\n\t\t\t\t\t<\/div>\n\t\t<\/div>\n\t\t\t\t<div class=\"elementor-column elementor-col-33 elementor-top-column elementor-element elementor-element-79c6426a\" data-id=\"79c6426a\" data-element_type=\"column\">\n\t\t\t<div class=\"elementor-widget-wrap elementor-element-populated\">\n\t\t\t\t\t\t<div class=\"elementor-element elementor-element-177b644a elementor-widget elementor-widget-heading\" data-id=\"177b644a\" data-element_type=\"widget\" data-widget_type=\"heading.default\">\n\t\t\t\t\t<h5 class=\"elementor-heading-title elementor-size-default\">Tension-Free Start<\/h5>\t\t\t\t<\/div>\n\t\t\t\t<div class=\"elementor-element elementor-element-86ba4f elementor-widget elementor-widget-text-editor\" data-id=\"86ba4f\" data-element_type=\"widget\" data-widget_type=\"text-editor.default\">\n\t\t\t\t\t\t\t\t\t<p>We use technologies that prevent stress from building up at the glass edge during cutting. This ensures the glass retains its strength before grinding and tempering.<\/p>\t\t\t\t\t\t\t\t<\/div>\n\t\t\t\t\t<\/div>\n\t\t<\/div>\n\t\t\t\t\t<\/div>\n\t\t<\/section>\n\t\t\t\t<\/div>","protected":false},"excerpt":{"rendered":"<p>Cam i\u015flemenin ilk ve en kritik ad\u0131m\u0131 kesimdir. Akcam, t\u00fcm projelerde \u00b10.1 mm hassasiyetle \u00e7al\u0131\u015f\u0131r. 6000&#215;3210 mm \u00f6l\u00e7\u00fclerindeki jumbo ebatl\u0131 camlar, otomatik kesim hatt\u0131m\u0131zda el de\u011fmeden y\u00fcksek hassasiyette kesilmektedir. Geli\u015fmi\u015f otomatik CNC (Bilgisayarl\u0131 Say\u0131sal Kontrol) kesim hatlar\u0131m\u0131z, en karma\u015f\u0131k formlar\u0131 ve s\u0131k\u0131 toleranslar\u0131 hatas\u0131z \u015fekilde yerine getirir. Bu kusursuz ba\u015flang\u0131\u00e7, \u00f6zellikle yal\u0131t\u0131m ve lamine cam gibi \u00e7ok katmanl\u0131 \u00fcr\u00fcnlerin performans\u0131n\u0131 do\u011frudan etkileyen hizalamay\u0131 garanti eder.<\/p>","protected":false},"author":1,"featured_media":988797,"parent":138,"menu_order":0,"comment_status":"closed","ping_status":"closed","template":"","meta":{"footnotes":""},"class_list":["post-577","page","type-page","status-publish","has-post-thumbnail","hentry"],"yoast_head":"<!-- This site is optimized with the Yoast SEO Premium plugin v26.6 (Yoast SEO v26.6) - https:\/\/yoast.com\/wordpress\/plugins\/seo\/ -->\n<title>Kesim - Akcam<\/title>\n<meta name=\"robots\" content=\"index, follow, max-snippet:-1, max-image-preview:large, max-video-preview:-1\" \/>\n<link rel=\"canonical\" href=\"https:\/\/akcam.com\/en\/production\/kesim\/\" \/>\n<meta property=\"og:locale\" content=\"en_US\" \/>\n<meta property=\"og:type\" content=\"article\" \/>\n<meta property=\"og:title\" content=\"Kesim\" \/>\n<meta property=\"og:description\" content=\"Cam i\u015flemenin ilk ve en kritik ad\u0131m\u0131 kesimdir. Akcam, t\u00fcm projelerde \u00b10.1 mm hassasiyetle \u00e7al\u0131\u015f\u0131r. 6000x3210 mm \u00f6l\u00e7\u00fclerindeki jumbo ebatl\u0131 camlar, otomatik kesim hatt\u0131m\u0131zda el de\u011fmeden y\u00fcksek hassasiyette kesilmektedir. Geli\u015fmi\u015f otomatik CNC (Bilgisayarl\u0131 Say\u0131sal Kontrol) kesim hatlar\u0131m\u0131z, en karma\u015f\u0131k formlar\u0131 ve s\u0131k\u0131 toleranslar\u0131 hatas\u0131z \u015fekilde yerine getirir. Bu kusursuz ba\u015flang\u0131\u00e7, \u00f6zellikle yal\u0131t\u0131m ve lamine cam gibi \u00e7ok katmanl\u0131 \u00fcr\u00fcnlerin performans\u0131n\u0131 do\u011frudan etkileyen hizalamay\u0131 garanti eder.\" \/>\n<meta property=\"og:url\" content=\"https:\/\/akcam.com\/en\/production\/kesim\/\" \/>\n<meta property=\"og:site_name\" content=\"Akcam\" \/>\n<meta property=\"article:modified_time\" content=\"2025-12-26T15:04:48+00:00\" \/>\n<meta property=\"og:image\" content=\"https:\/\/akcam.com\/wp-content\/uploads\/2025\/12\/Akcam-Cam-Kesim.webp\" \/>\n\t<meta property=\"og:image:width\" content=\"1090\" \/>\n\t<meta property=\"og:image:height\" content=\"1330\" \/>\n\t<meta property=\"og:image:type\" content=\"image\/webp\" \/>\n<meta name=\"twitter:card\" content=\"summary_large_image\" \/>\n<meta name=\"twitter:label1\" content=\"Est. reading time\" \/>\n\t<meta name=\"twitter:data1\" content=\"1 minute\" \/>\n<script type=\"application\/ld+json\" class=\"yoast-schema-graph\">{\"@context\":\"https:\/\/schema.org\",\"@graph\":[{\"@type\":\"WebPage\",\"@id\":\"https:\/\/akcam.com\/uretim\/kesim\/\",\"url\":\"https:\/\/akcam.com\/uretim\/kesim\/\",\"name\":\"Kesim - Akcam\",\"isPartOf\":{\"@id\":\"https:\/\/akcam.com\/#website\"},\"primaryImageOfPage\":{\"@id\":\"https:\/\/akcam.com\/uretim\/kesim\/#primaryimage\"},\"image\":{\"@id\":\"https:\/\/akcam.com\/uretim\/kesim\/#primaryimage\"},\"thumbnailUrl\":\"https:\/\/akcam.com\/wp-content\/uploads\/2025\/12\/Akcam-Cam-Kesim.webp\",\"datePublished\":\"2023-08-02T08:00:00+00:00\",\"dateModified\":\"2025-12-26T15:04:48+00:00\",\"breadcrumb\":{\"@id\":\"https:\/\/akcam.com\/uretim\/kesim\/#breadcrumb\"},\"inLanguage\":\"en-US\",\"potentialAction\":[{\"@type\":\"ReadAction\",\"target\":[\"https:\/\/akcam.com\/uretim\/kesim\/\"]}]},{\"@type\":\"ImageObject\",\"inLanguage\":\"en-US\",\"@id\":\"https:\/\/akcam.com\/uretim\/kesim\/#primaryimage\",\"url\":\"https:\/\/akcam.com\/wp-content\/uploads\/2025\/12\/Akcam-Cam-Kesim.webp\",\"contentUrl\":\"https:\/\/akcam.com\/wp-content\/uploads\/2025\/12\/Akcam-Cam-Kesim.webp\",\"width\":1090,\"height\":1330},{\"@type\":\"BreadcrumbList\",\"@id\":\"https:\/\/akcam.com\/uretim\/kesim\/#breadcrumb\",\"itemListElement\":[{\"@type\":\"ListItem\",\"position\":1,\"name\":\"Home\",\"item\":\"https:\/\/akcam.com\/\"},{\"@type\":\"ListItem\",\"position\":2,\"name\":\"\u00dcretim\",\"item\":\"https:\/\/akcam.com\/uretim\/\"},{\"@type\":\"ListItem\",\"position\":3,\"name\":\"Kesim\"}]},{\"@type\":\"WebSite\",\"@id\":\"https:\/\/akcam.com\/#website\",\"url\":\"https:\/\/akcam.com\/\",\"name\":\"Akcam\",\"description\":\"Glass &amp; Metal Processes\",\"publisher\":{\"@id\":\"https:\/\/akcam.com\/#organization\"},\"potentialAction\":[{\"@type\":\"SearchAction\",\"target\":{\"@type\":\"EntryPoint\",\"urlTemplate\":\"https:\/\/akcam.com\/?s={search_term_string}\"},\"query-input\":{\"@type\":\"PropertyValueSpecification\",\"valueRequired\":true,\"valueName\":\"search_term_string\"}}],\"inLanguage\":\"en-US\"},{\"@type\":\"Organization\",\"@id\":\"https:\/\/akcam.com\/#organization\",\"name\":\"Akcam\",\"url\":\"https:\/\/akcam.com\/\",\"logo\":{\"@type\":\"ImageObject\",\"inLanguage\":\"en-US\",\"@id\":\"https:\/\/akcam.com\/#\/schema\/logo\/image\/\",\"url\":\"https:\/\/akcam.com\/wp-content\/uploads\/2025\/12\/cropped-akcam.png\",\"contentUrl\":\"https:\/\/akcam.com\/wp-content\/uploads\/2025\/12\/cropped-akcam.png\",\"width\":1000,\"height\":281,\"caption\":\"Akcam\"},\"image\":{\"@id\":\"https:\/\/akcam.com\/#\/schema\/logo\/image\/\"},\"sameAs\":[\"https:\/\/tr.linkedin.com\/company\/akcam-glass-metal-processes\"]}]}<\/script>\n<!-- \/ Yoast SEO Premium plugin. -->","yoast_head_json":{"title":"Kesim - Akcam","robots":{"index":"index","follow":"follow","max-snippet":"max-snippet:-1","max-image-preview":"max-image-preview:large","max-video-preview":"max-video-preview:-1"},"canonical":"https:\/\/akcam.com\/en\/production\/kesim\/","og_locale":"en_US","og_type":"article","og_title":"Kesim","og_description":"Cam i\u015flemenin ilk ve en kritik ad\u0131m\u0131 kesimdir. Akcam, t\u00fcm projelerde \u00b10.1 mm hassasiyetle \u00e7al\u0131\u015f\u0131r. 6000x3210 mm \u00f6l\u00e7\u00fclerindeki jumbo ebatl\u0131 camlar, otomatik kesim hatt\u0131m\u0131zda el de\u011fmeden y\u00fcksek hassasiyette kesilmektedir. Geli\u015fmi\u015f otomatik CNC (Bilgisayarl\u0131 Say\u0131sal Kontrol) kesim hatlar\u0131m\u0131z, en karma\u015f\u0131k formlar\u0131 ve s\u0131k\u0131 toleranslar\u0131 hatas\u0131z \u015fekilde yerine getirir. Bu kusursuz ba\u015flang\u0131\u00e7, \u00f6zellikle yal\u0131t\u0131m ve lamine cam gibi \u00e7ok katmanl\u0131 \u00fcr\u00fcnlerin performans\u0131n\u0131 do\u011frudan etkileyen hizalamay\u0131 garanti eder.","og_url":"https:\/\/akcam.com\/en\/production\/kesim\/","og_site_name":"Akcam","article_modified_time":"2025-12-26T15:04:48+00:00","og_image":[{"width":1090,"height":1330,"url":"https:\/\/akcam.com\/wp-content\/uploads\/2025\/12\/Akcam-Cam-Kesim.webp","type":"image\/webp"}],"twitter_card":"summary_large_image","twitter_misc":{"Est. reading time":"1 minute"},"schema":{"@context":"https:\/\/schema.org","@graph":[{"@type":"WebPage","@id":"https:\/\/akcam.com\/uretim\/kesim\/","url":"https:\/\/akcam.com\/uretim\/kesim\/","name":"Kesim - Akcam","isPartOf":{"@id":"https:\/\/akcam.com\/#website"},"primaryImageOfPage":{"@id":"https:\/\/akcam.com\/uretim\/kesim\/#primaryimage"},"image":{"@id":"https:\/\/akcam.com\/uretim\/kesim\/#primaryimage"},"thumbnailUrl":"https:\/\/akcam.com\/wp-content\/uploads\/2025\/12\/Akcam-Cam-Kesim.webp","datePublished":"2023-08-02T08:00:00+00:00","dateModified":"2025-12-26T15:04:48+00:00","breadcrumb":{"@id":"https:\/\/akcam.com\/uretim\/kesim\/#breadcrumb"},"inLanguage":"en-US","potentialAction":[{"@type":"ReadAction","target":["https:\/\/akcam.com\/uretim\/kesim\/"]}]},{"@type":"ImageObject","inLanguage":"en-US","@id":"https:\/\/akcam.com\/uretim\/kesim\/#primaryimage","url":"https:\/\/akcam.com\/wp-content\/uploads\/2025\/12\/Akcam-Cam-Kesim.webp","contentUrl":"https:\/\/akcam.com\/wp-content\/uploads\/2025\/12\/Akcam-Cam-Kesim.webp","width":1090,"height":1330},{"@type":"BreadcrumbList","@id":"https:\/\/akcam.com\/uretim\/kesim\/#breadcrumb","itemListElement":[{"@type":"ListItem","position":1,"name":"Home","item":"https:\/\/akcam.com\/"},{"@type":"ListItem","position":2,"name":"\u00dcretim","item":"https:\/\/akcam.com\/uretim\/"},{"@type":"ListItem","position":3,"name":"Kesim"}]},{"@type":"WebSite","@id":"https:\/\/akcam.com\/#website","url":"https:\/\/akcam.com\/","name":"Akcam","description":"Glass &amp; Metal Processes","publisher":{"@id":"https:\/\/akcam.com\/#organization"},"potentialAction":[{"@type":"SearchAction","target":{"@type":"EntryPoint","urlTemplate":"https:\/\/akcam.com\/?s={search_term_string}"},"query-input":{"@type":"PropertyValueSpecification","valueRequired":true,"valueName":"search_term_string"}}],"inLanguage":"en-US"},{"@type":"Organization","@id":"https:\/\/akcam.com\/#organization","name":"Akcam","url":"https:\/\/akcam.com\/","logo":{"@type":"ImageObject","inLanguage":"en-US","@id":"https:\/\/akcam.com\/#\/schema\/logo\/image\/","url":"https:\/\/akcam.com\/wp-content\/uploads\/2025\/12\/cropped-akcam.png","contentUrl":"https:\/\/akcam.com\/wp-content\/uploads\/2025\/12\/cropped-akcam.png","width":1000,"height":281,"caption":"Akcam"},"image":{"@id":"https:\/\/akcam.com\/#\/schema\/logo\/image\/"},"sameAs":["https:\/\/tr.linkedin.com\/company\/akcam-glass-metal-processes"]}]}},"_links":{"self":[{"href":"https:\/\/akcam.com\/en\/wp-json\/wp\/v2\/pages\/577","targetHints":{"allow":["GET"]}}],"collection":[{"href":"https:\/\/akcam.com\/en\/wp-json\/wp\/v2\/pages"}],"about":[{"href":"https:\/\/akcam.com\/en\/wp-json\/wp\/v2\/types\/page"}],"author":[{"embeddable":true,"href":"https:\/\/akcam.com\/en\/wp-json\/wp\/v2\/users\/1"}],"replies":[{"embeddable":true,"href":"https:\/\/akcam.com\/en\/wp-json\/wp\/v2\/comments?post=577"}],"version-history":[{"count":18,"href":"https:\/\/akcam.com\/en\/wp-json\/wp\/v2\/pages\/577\/revisions"}],"predecessor-version":[{"id":988191,"href":"https:\/\/akcam.com\/en\/wp-json\/wp\/v2\/pages\/577\/revisions\/988191"}],"up":[{"embeddable":true,"href":"https:\/\/akcam.com\/en\/wp-json\/wp\/v2\/pages\/138"}],"wp:featuredmedia":[{"embeddable":true,"href":"https:\/\/akcam.com\/en\/wp-json\/wp\/v2\/media\/988797"}],"wp:attachment":[{"href":"https:\/\/akcam.com\/en\/wp-json\/wp\/v2\/media?parent=577"}],"curies":[{"name":"wp","href":"https:\/\/api.w.org\/{rel}","templated":true}]}}